{"id":26343,"date":"2019-03-14T12:56:24","date_gmt":"2019-03-14T12:56:24","guid":{"rendered":"http:\/\/dev2.atlatszo.exot.hu\/redactia\/"},"modified":"2025-12-12T14:39:48","modified_gmt":"2025-12-12T12:39:48","slug":"redactia","status":"publish","type":"page","link":"https:\/\/atlatszo.ro\/ro\/redactia\/","title":{"rendered":"Redac\u0163ia"},"content":{"rendered":"\t\t<div data-elementor-type=\"wp-post\" data-elementor-id=\"26343\" class=\"elementor elementor-26343 elementor-7784\">\n\t\t\t\t\t\t\t<div class=\"elementor-element elementor-element-b813ecb e-flex e-con-boxed e-con e-parent\" data-id=\"b813ecb\" data-element_type=\"container\" data-settings=\"{&quot;content_width&quot;:&quot;boxed&quot;}\" data-core-v316-plus=\"true\">\n\t\t\t\t\t<div class=\"e-con-inner\">\n\t\t\t\t<div class=\"elementor-element elementor-element-4fac354 elementor-widget elementor-widget-heading\" data-id=\"4fac354\" data-element_type=\"widget\" data-widget_type=\"heading.default\">\n\t\t\t\t<div class=\"elementor-widget-container\">\n\t\t\t<style>\/*! elementor - v3.17.0 - 08-11-2023 *\/\n.elementor-heading-title{padding:0;margin:0;line-height:1}.elementor-widget-heading .elementor-heading-title[class*=elementor-size-]>a{color:inherit;font-size:inherit;line-height:inherit}.elementor-widget-heading .elementor-heading-title.elementor-size-small{font-size:15px}.elementor-widget-heading .elementor-heading-title.elementor-size-medium{font-size:19px}.elementor-widget-heading .elementor-heading-title.elementor-size-large{font-size:29px}.elementor-widget-heading .elementor-heading-title.elementor-size-xl{font-size:39px}.elementor-widget-heading .elementor-heading-title.elementor-size-xxl{font-size:59px}<\/style><h2 class=\"elementor-heading-title elementor-size-default\">Redac\u021bia<\/h2>\t\t<\/div>\n\t\t\t\t<\/div>\n\t\t\t\t\t<\/div>\n\t\t\t\t<\/div>\n\t\t<div class=\"elementor-element elementor-element-bd7c633 e-flex e-con-boxed e-con e-parent\" data-id=\"bd7c633\" data-element_type=\"container\" data-settings=\"{&quot;content_width&quot;:&quot;boxed&quot;}\" data-core-v316-plus=\"true\">\n\t\t\t\t\t<div class=\"e-con-inner\">\n\t\t\t\t\t<\/div>\n\t\t\t\t<\/div>\n\t\t<div class=\"elementor-element elementor-element-01e4e69 e-flex e-con-boxed e-con e-parent\" data-id=\"01e4e69\" data-element_type=\"container\" data-settings=\"{&quot;content_width&quot;:&quot;boxed&quot;}\" data-core-v316-plus=\"true\">\n\t\t\t\t\t<div class=\"e-con-inner\">\n\t\t\t\t<div class=\"elementor-element elementor-element-686dc5e elementor-widget elementor-widget-text-editor\" data-id=\"686dc5e\" data-element_type=\"widget\" data-widget_type=\"text-editor.default\">\n\t\t\t\t<div class=\"elementor-widget-container\">\n\t\t\t<style>\/*! elementor - v3.17.0 - 08-11-2023 *\/\n.elementor-widget-text-editor.elementor-drop-cap-view-stacked .elementor-drop-cap{background-color:#69727d;color:#fff}.elementor-widget-text-editor.elementor-drop-cap-view-framed .elementor-drop-cap{color:#69727d;border:3px solid;background-color:transparent}.elementor-widget-text-editor:not(.elementor-drop-cap-view-default) .elementor-drop-cap{margin-top:8px}.elementor-widget-text-editor:not(.elementor-drop-cap-view-default) .elementor-drop-cap-letter{width:1em;height:1em}.elementor-widget-text-editor .elementor-drop-cap{float:left;text-align:center;line-height:1;font-size:50px}.elementor-widget-text-editor .elementor-drop-cap-letter{display:inline-block}<\/style>\t\t\t\t<p><a href=\"mailto:boczheni@atlatszo.ro\">Henrietta Bocz<\/a>, jurnalist<\/p><p><a href=\"mailto:kulcsararpi@atlatszo.ro\">\u00c1rp\u00e1d Kulcs\u00e1r<\/a>, jurnalist<\/p><p><a href=\"editeva@atlatszo.ro\">Edit \u00c9va P\u00e1l<\/a>, redactor<\/p><p><a href=\"mailto:szabotunde@atlatszo.ro\">T\u00fcnde Szab\u00f3<\/a>, redactor<\/p><p><a href=\"mailto:sipos@atlatszo.ro\">Zolt\u00e1n Sipos<\/a>, redactor \u0219ef<\/p><p>Emese Czintos, secretar de redac\u021bie<\/p><p>Principiile noastre editoriale <a href=\"https:\/\/atlatszo.ro\/ro\/asa-lucram\/\">pot fi accesate aici<\/a>, procesul editorial este certificat de <a href=\"https:\/\/www.jti-app.com\/report\/AEYXxVLQ8PeG7gpM\">Journalism Trust Initiative (JTI)<\/a>.<\/p>\t\t\t\t\t\t<\/div>\n\t\t\t\t<\/div>\n\t\t\t\t<div class=\"elementor-element elementor-element-d4d0364 elementor-widget elementor-widget-text-editor\" data-id=\"d4d0364\" data-element_type=\"widget\" data-widget_type=\"text-editor.default\">\n\t\t\t\t<div class=\"elementor-widget-container\">\n\t\t\t\t\t\t\t<h5><b>Partenerul nostru din Ungaria:<\/b><\/h5><p><a href=\"https:\/\/atlatszo.hu\/\">\u00c1tl\u00e1tsz\u00f3<\/a><\/p><h5><b>Partenerul nostru din Rom\u00e2nia:<\/b><\/h5><p><a href=\"https:\/\/www.presshub.ro\/\">PressHub<\/a><\/p><h5><b>Suntem membri ai acestor organiza\u021bii interna\u021bionale:<\/b><\/h5><div class=\"elementor-element elementor-element-61da34a elementor-widget elementor-widget-text-editor\" data-id=\"61da34a\" data-element_type=\"widget\" data-widget_type=\"text-editor.default\"><div class=\"elementor-widget-container\"><p><a href=\"https:\/\/gijn.org\/\" target=\"_blank\" rel=\"noopener\">Global Investigative Journalism Network (GIJN)<\/a><\/p><p><a href=\"https:\/\/www.occrp.org\/en\">Organized Crime and Corruption Project (OCCRP)<\/a><\/p><p><a href=\"https:\/\/referencecircle.eu\/\">Reference Circle<\/a><\/p><\/div><\/div><h5><b>Contact:<\/b><\/h5><p>E-mail: <a href=\"mailto:erdely@atlatszo.ro\">erdely@atlatszo.ro<\/a><\/p><p><a href=\"https:\/\/www.facebook.com\/transilvaniatransparenta\">Facebook<\/a><\/p>\t\t\t\t\t\t<\/div>\n\t\t\t\t<\/div>\n\t\t\t\t<div class=\"elementor-element elementor-element-d8f1edd elementor-widget elementor-widget-text-editor\" data-id=\"d8f1edd\" data-element_type=\"widget\" data-widget_type=\"text-editor.default\">\n\t\t\t\t<div class=\"elementor-widget-container\">\n\t\t\t\t\t\t\t<h5><strong>Editura:<\/strong><\/h5><p>\u00c1tl\u00e1tsz\u00f3 Erd\u00e9ly este publicat de Asocia\u0163ia \u201cAtlatszo Erdely Egyesulet\u201d, asocia\u021bie \u00eenfiin\u021bat\u0103 prin \u00eencheierea civil\u0103 14314\/CC\/2014 de c\u0103tre Judec\u0103toria Cluj-Napoca. Consiliul director: Emese Czintos, T\u00fcnde Szab\u00f3, Zolt\u00e1n Sipos. Pre\u0219edintele asocia\u021biei este Zolt\u00e1n Sipos.\u00a0<\/p><h5><b>Datele financiare ale editurii:<\/b><\/h5><p>Asocia\u0163ia \u201cAtlatszo Erdely Egyesulet\u201d<\/p><p>Cod identificare fiscal\u0103 (CIF): 33978083<\/p><p>IBAN: <span class=\"elementor-heading-title elementor-size-default\">RO16BTRLRONCRT0T0DF03101<\/span><\/p><p><span class=\"elementor-heading-title elementor-size-default\">BANCA TRANSILVANIA, SUCURSALA CLUJ <\/span><\/p><p>Cod Swift: <span class=\"elementor-heading-title elementor-size-default\">BTRLRO22<\/span><\/p>\t\t\t\t\t\t<\/div>\n\t\t\t\t<\/div>\n\t\t\t\t\t<\/div>\n\t\t\t\t<\/div>\n\t\t\t\t\t\t\t<\/div>\n\t\t","protected":false},"excerpt":{"rendered":"<p>Redac\u021bia Henrietta Bocz, jurnalist \u00c1rp\u00e1d Kulcs\u00e1r, jurnalist Edit \u00c9va P\u00e1l, redactor T\u00fcnde Szab\u00f3, redactor Zolt\u00e1n Sipos, redactor \u0219ef Emese Czintos, secretar de redac\u021bie Principiile noastre editoriale pot fi accesate aici, procesul editorial este certificat de Journalism Trust Initiative (JTI). Partenerul nostru din Ungaria: \u00c1tl\u00e1tsz\u00f3 Partenerul nostru din Rom\u00e2nia: PressHub Suntem membri ai acestor organiza\u021bii interna\u021bionale: [&hellip;]<\/p>\n","protected":false},"author":5,"featured_media":0,"parent":0,"menu_order":0,"comment_status":"closed","ping_status":"closed","template":"elementor_header_footer","meta":{"footnotes":""},"ppma_author":[2991],"yoast_head":"<!-- This site is optimized with the Yoast SEO plugin v21.5 - https:\/\/yoast.com\/wordpress\/plugins\/seo\/ -->\n<title>Redac\u0163ia - \u00c1tl\u00e1tsz\u00f3 Erd\u00e9ly<\/title>\n<meta name=\"description\" content=\"Redac\u0163ia, parteneri, datele de contact ai editurii \u015fi oferta media.\" \/>\n<meta name=\"robots\" content=\"index, follow, max-snippet:-1, max-image-preview:large, max-video-preview:-1\" \/>\n<link rel=\"canonical\" href=\"https:\/\/atlatszo.ro\/ro\/redactia\/\" \/>\n<meta property=\"og:locale\" content=\"ro_RO\" \/>\n<meta property=\"og:type\" content=\"article\" \/>\n<meta property=\"og:title\" content=\"Redac\u0163ia - \u00c1tl\u00e1tsz\u00f3 Erd\u00e9ly\" \/>\n<meta property=\"og:description\" content=\"Redac\u0163ia, parteneri, datele de contact ai editurii \u015fi oferta media.\" \/>\n<meta property=\"og:url\" content=\"https:\/\/atlatszo.ro\/ro\/redactia\/\" \/>\n<meta property=\"og:site_name\" content=\"\u00c1tl\u00e1tsz\u00f3 Erd\u00e9ly\" \/>\n<meta property=\"article:publisher\" content=\"https:\/\/www.facebook.com\/atlatszoerdely\/\" \/>\n<meta property=\"article:modified_time\" content=\"2025-12-12T12:39:48+00:00\" \/>\n<meta name=\"twitter:card\" content=\"summary_large_image\" \/>\n<meta name=\"twitter:site\" content=\"@erdely_atlatszo\" \/>\n<meta name=\"twitter:label1\" content=\"Timp estimat pentru citire\" \/>\n\t<meta name=\"twitter:data1\" content=\"1 minut\" \/>\n<script type=\"application\/ld+json\" class=\"yoast-schema-graph\">{\"@context\":\"https:\/\/schema.org\",\"@graph\":[{\"@type\":\"WebPage\",\"@id\":\"https:\/\/atlatszo.ro\/ro\/redactia\/\",\"url\":\"https:\/\/atlatszo.ro\/ro\/redactia\/\",\"name\":\"Redac\u0163ia - \u00c1tl\u00e1tsz\u00f3 Erd\u00e9ly\",\"isPartOf\":{\"@id\":\"https:\/\/atlatszo.ro\/#website\"},\"datePublished\":\"2019-03-14T12:56:24+00:00\",\"dateModified\":\"2025-12-12T12:39:48+00:00\",\"description\":\"Redac\u0163ia, parteneri, datele de contact ai editurii \u015fi oferta media.\",\"breadcrumb\":{\"@id\":\"https:\/\/atlatszo.ro\/ro\/redactia\/#breadcrumb\"},\"inLanguage\":\"ro-RO\",\"potentialAction\":[{\"@type\":\"ReadAction\",\"target\":[\"https:\/\/atlatszo.ro\/ro\/redactia\/\"]}]},{\"@type\":\"BreadcrumbList\",\"@id\":\"https:\/\/atlatszo.ro\/ro\/redactia\/#breadcrumb\",\"itemListElement\":[{\"@type\":\"ListItem\",\"position\":1,\"name\":\"Home\",\"item\":\"https:\/\/atlatszo.ro\/ro\/\"},{\"@type\":\"ListItem\",\"position\":2,\"name\":\"Redac\u0163ia\"}]},{\"@type\":\"WebSite\",\"@id\":\"https:\/\/atlatszo.ro\/#website\",\"url\":\"https:\/\/atlatszo.ro\/\",\"name\":\"\u00c1tl\u00e1tsz\u00f3 Erd\u00e9ly\",\"description\":\"\u00c1tl\u00e1tsz\u00f3 Erd\u00e9ly\",\"publisher\":{\"@id\":\"https:\/\/atlatszo.ro\/#organization\"},\"potentialAction\":[{\"@type\":\"SearchAction\",\"target\":{\"@type\":\"EntryPoint\",\"urlTemplate\":\"https:\/\/atlatszo.ro\/?s={search_term_string}\"},\"query-input\":\"required name=search_term_string\"}],\"inLanguage\":\"ro-RO\"},{\"@type\":\"Organization\",\"@id\":\"https:\/\/atlatszo.ro\/#organization\",\"name\":\"\u00c1tl\u00e1tsz\u00f3 Erd\u00e9ly\",\"url\":\"https:\/\/atlatszo.ro\/\",\"logo\":{\"@type\":\"ImageObject\",\"inLanguage\":\"ro-RO\",\"@id\":\"https:\/\/atlatszo.ro\/#\/schema\/logo\/image\/\",\"url\":\"https:\/\/atlatszo.ro\/wp-content\/uploads\/2022\/06\/logo-atlatszo.png\",\"contentUrl\":\"https:\/\/atlatszo.ro\/wp-content\/uploads\/2022\/06\/logo-atlatszo.png\",\"width\":270,\"height\":104,\"caption\":\"\u00c1tl\u00e1tsz\u00f3 Erd\u00e9ly\"},\"image\":{\"@id\":\"https:\/\/atlatszo.ro\/#\/schema\/logo\/image\/\"},\"sameAs\":[\"https:\/\/www.facebook.com\/atlatszoerdely\/\",\"https:\/\/twitter.com\/erdely_atlatszo\",\"https:\/\/www.instagram.com\/atlatszo_erdely\/\",\"https:\/\/www.youtube.com\/channel\/UC6lunfqCrLA0aDAjt1--TKg\"]}]}<\/script>\n<!-- \/ Yoast SEO plugin. -->","yoast_head_json":{"title":"Redac\u0163ia - \u00c1tl\u00e1tsz\u00f3 Erd\u00e9ly","description":"Redac\u0163ia, parteneri, datele de contact ai editurii \u015fi oferta media.","robots":{"index":"index","follow":"follow","max-snippet":"max-snippet:-1","max-image-preview":"max-image-preview:large","max-video-preview":"max-video-preview:-1"},"canonical":"https:\/\/atlatszo.ro\/ro\/redactia\/","og_locale":"ro_RO","og_type":"article","og_title":"Redac\u0163ia - \u00c1tl\u00e1tsz\u00f3 Erd\u00e9ly","og_description":"Redac\u0163ia, parteneri, datele de contact ai editurii \u015fi oferta media.","og_url":"https:\/\/atlatszo.ro\/ro\/redactia\/","og_site_name":"\u00c1tl\u00e1tsz\u00f3 Erd\u00e9ly","article_publisher":"https:\/\/www.facebook.com\/atlatszoerdely\/","article_modified_time":"2025-12-12T12:39:48+00:00","twitter_card":"summary_large_image","twitter_site":"@erdely_atlatszo","twitter_misc":{"Timp estimat pentru citire":"1 minut"},"schema":{"@context":"https:\/\/schema.org","@graph":[{"@type":"WebPage","@id":"https:\/\/atlatszo.ro\/ro\/redactia\/","url":"https:\/\/atlatszo.ro\/ro\/redactia\/","name":"Redac\u0163ia - \u00c1tl\u00e1tsz\u00f3 Erd\u00e9ly","isPartOf":{"@id":"https:\/\/atlatszo.ro\/#website"},"datePublished":"2019-03-14T12:56:24+00:00","dateModified":"2025-12-12T12:39:48+00:00","description":"Redac\u0163ia, parteneri, datele de contact ai editurii \u015fi oferta media.","breadcrumb":{"@id":"https:\/\/atlatszo.ro\/ro\/redactia\/#breadcrumb"},"inLanguage":"ro-RO","potentialAction":[{"@type":"ReadAction","target":["https:\/\/atlatszo.ro\/ro\/redactia\/"]}]},{"@type":"BreadcrumbList","@id":"https:\/\/atlatszo.ro\/ro\/redactia\/#breadcrumb","itemListElement":[{"@type":"ListItem","position":1,"name":"Home","item":"https:\/\/atlatszo.ro\/ro\/"},{"@type":"ListItem","position":2,"name":"Redac\u0163ia"}]},{"@type":"WebSite","@id":"https:\/\/atlatszo.ro\/#website","url":"https:\/\/atlatszo.ro\/","name":"\u00c1tl\u00e1tsz\u00f3 Erd\u00e9ly","description":"\u00c1tl\u00e1tsz\u00f3 Erd\u00e9ly","publisher":{"@id":"https:\/\/atlatszo.ro\/#organization"},"potentialAction":[{"@type":"SearchAction","target":{"@type":"EntryPoint","urlTemplate":"https:\/\/atlatszo.ro\/?s={search_term_string}"},"query-input":"required name=search_term_string"}],"inLanguage":"ro-RO"},{"@type":"Organization","@id":"https:\/\/atlatszo.ro\/#organization","name":"\u00c1tl\u00e1tsz\u00f3 Erd\u00e9ly","url":"https:\/\/atlatszo.ro\/","logo":{"@type":"ImageObject","inLanguage":"ro-RO","@id":"https:\/\/atlatszo.ro\/#\/schema\/logo\/image\/","url":"https:\/\/atlatszo.ro\/wp-content\/uploads\/2022\/06\/logo-atlatszo.png","contentUrl":"https:\/\/atlatszo.ro\/wp-content\/uploads\/2022\/06\/logo-atlatszo.png","width":270,"height":104,"caption":"\u00c1tl\u00e1tsz\u00f3 Erd\u00e9ly"},"image":{"@id":"https:\/\/atlatszo.ro\/#\/schema\/logo\/image\/"},"sameAs":["https:\/\/www.facebook.com\/atlatszoerdely\/","https:\/\/twitter.com\/erdely_atlatszo","https:\/\/www.instagram.com\/atlatszo_erdely\/","https:\/\/www.youtube.com\/channel\/UC6lunfqCrLA0aDAjt1--TKg"]}]}},"_links":{"self":[{"href":"https:\/\/atlatszo.ro\/ro\/wp-json\/wp\/v2\/pages\/26343"}],"collection":[{"href":"https:\/\/atlatszo.ro\/ro\/wp-json\/wp\/v2\/pages"}],"about":[{"href":"https:\/\/atlatszo.ro\/ro\/wp-json\/wp\/v2\/types\/page"}],"author":[{"embeddable":true,"href":"https:\/\/atlatszo.ro\/ro\/wp-json\/wp\/v2\/users\/5"}],"replies":[{"embeddable":true,"href":"https:\/\/atlatszo.ro\/ro\/wp-json\/wp\/v2\/comments?post=26343"}],"version-history":[{"count":61,"href":"https:\/\/atlatszo.ro\/ro\/wp-json\/wp\/v2\/pages\/26343\/revisions"}],"predecessor-version":[{"id":58625,"href":"https:\/\/atlatszo.ro\/ro\/wp-json\/wp\/v2\/pages\/26343\/revisions\/58625"}],"wp:attachment":[{"href":"https:\/\/atlatszo.ro\/ro\/wp-json\/wp\/v2\/media?parent=26343"}],"wp:term":[{"taxonomy":"author","embeddable":true,"href":"https:\/\/atlatszo.ro\/ro\/wp-json\/wp\/v2\/ppma_author?post=26343"}],"curies":[{"name":"wp","href":"https:\/\/api.w.org\/{rel}","templated":true}]}}