{"id":26339,"date":"2019-03-14T12:55:43","date_gmt":"2019-03-14T12:55:43","guid":{"rendered":"http:\/\/dev2.atlatszo.exot.hu\/about-us\/"},"modified":"2025-03-29T16:36:07","modified_gmt":"2025-03-29T14:36:07","slug":"despre-noi","status":"publish","type":"page","link":"https:\/\/atlatszo.ro\/ro\/despre-noi\/","title":{"rendered":"Despre noi"},"content":{"rendered":"\t\t<div data-elementor-type=\"wp-post\" data-elementor-id=\"26339\" class=\"elementor elementor-26339 elementor-26044\">\n\t\t\t\t\t\t\t<div class=\"elementor-element elementor-element-4c6104a e-flex e-con-boxed e-con e-parent\" data-id=\"4c6104a\" data-element_type=\"container\" data-settings=\"{&quot;content_width&quot;:&quot;boxed&quot;}\" data-core-v316-plus=\"true\">\n\t\t\t\t\t<div class=\"e-con-inner\">\n\t\t\t\t<div class=\"elementor-element elementor-element-a540729 elementor-widget elementor-widget-spacer\" data-id=\"a540729\" data-element_type=\"widget\" data-widget_type=\"spacer.default\">\n\t\t\t\t<div class=\"elementor-widget-container\">\n\t\t\t<style>\/*! elementor - v3.17.0 - 08-11-2023 *\/\n.elementor-column .elementor-spacer-inner{height:var(--spacer-size)}.e-con{--container-widget-width:100%}.e-con-inner>.elementor-widget-spacer,.e-con>.elementor-widget-spacer{width:var(--container-widget-width,var(--spacer-size));--align-self:var(--container-widget-align-self,initial);--flex-shrink:0}.e-con-inner>.elementor-widget-spacer>.elementor-widget-container,.e-con>.elementor-widget-spacer>.elementor-widget-container{height:100%;width:100%}.e-con-inner>.elementor-widget-spacer>.elementor-widget-container>.elementor-spacer,.e-con>.elementor-widget-spacer>.elementor-widget-container>.elementor-spacer{height:100%}.e-con-inner>.elementor-widget-spacer>.elementor-widget-container>.elementor-spacer>.elementor-spacer-inner,.e-con>.elementor-widget-spacer>.elementor-widget-container>.elementor-spacer>.elementor-spacer-inner{height:var(--container-widget-height,var(--spacer-size))}.e-con-inner>.elementor-widget-spacer.elementor-widget-empty,.e-con>.elementor-widget-spacer.elementor-widget-empty{position:relative;min-height:22px;min-width:22px}.e-con-inner>.elementor-widget-spacer.elementor-widget-empty .elementor-widget-empty-icon,.e-con>.elementor-widget-spacer.elementor-widget-empty .elementor-widget-empty-icon{position:absolute;top:0;bottom:0;left:0;right:0;margin:auto;padding:0;width:22px;height:22px}<\/style>\t\t<div class=\"elementor-spacer\">\n\t\t\t<div class=\"elementor-spacer-inner\"><\/div>\n\t\t<\/div>\n\t\t\t\t<\/div>\n\t\t\t\t<\/div>\n\t\t\t\t\t<\/div>\n\t\t\t\t<\/div>\n\t\t<div class=\"elementor-element elementor-element-778c0d5 e-flex e-con-boxed e-con e-parent\" data-id=\"778c0d5\" data-element_type=\"container\" data-settings=\"{&quot;content_width&quot;:&quot;boxed&quot;}\" data-core-v316-plus=\"true\">\n\t\t\t\t\t<div class=\"e-con-inner\">\n\t\t\t\t<div class=\"elementor-element elementor-element-1279eb0 elementor-widget elementor-widget-image\" data-id=\"1279eb0\" data-element_type=\"widget\" data-widget_type=\"image.default\">\n\t\t\t\t<div class=\"elementor-widget-container\">\n\t\t\t<style>\/*! elementor - v3.17.0 - 08-11-2023 *\/\n.elementor-widget-image{text-align:center}.elementor-widget-image a{display:inline-block}.elementor-widget-image a img[src$=\".svg\"]{width:48px}.elementor-widget-image img{vertical-align:middle;display:inline-block}<\/style>\t\t\t\t\t\t\t\t\t\t\t\t<img loading=\"lazy\" decoding=\"async\" width=\"2560\" height=\"1707\" src=\"https:\/\/atlatszo.ro\/wp-content\/uploads\/2025\/02\/DSC02155-scaled.jpg\" class=\"attachment-full size-full wp-image-53796\" alt=\"\u00c1tl\u00e1tsz\u00f3 Erd\u00e9ly csapata\" srcset=\"https:\/\/atlatszo.ro\/wp-content\/uploads\/2025\/02\/DSC02155-scaled.jpg 2560w, https:\/\/atlatszo.ro\/wp-content\/uploads\/2025\/02\/DSC02155-300x200.jpg 300w, https:\/\/atlatszo.ro\/wp-content\/uploads\/2025\/02\/DSC02155-1024x683.jpg 1024w, https:\/\/atlatszo.ro\/wp-content\/uploads\/2025\/02\/DSC02155-768x512.jpg 768w, https:\/\/atlatszo.ro\/wp-content\/uploads\/2025\/02\/DSC02155-1536x1024.jpg 1536w, https:\/\/atlatszo.ro\/wp-content\/uploads\/2025\/02\/DSC02155-2048x1365.jpg 2048w, https:\/\/atlatszo.ro\/wp-content\/uploads\/2025\/02\/DSC02155-750x500.jpg 750w, https:\/\/atlatszo.ro\/wp-content\/uploads\/2025\/02\/DSC02155-1140x760.jpg 1140w\" sizes=\"(max-width: 2560px) 100vw, 2560px\" \/>\t\t\t\t\t\t\t\t\t\t\t\t\t\t\t<\/div>\n\t\t\t\t<\/div>\n\t\t\t\t\t<\/div>\n\t\t\t\t<\/div>\n\t\t<div class=\"elementor-element elementor-element-2b018b7 e-flex e-con-boxed e-con e-parent\" data-id=\"2b018b7\" data-element_type=\"container\" data-settings=\"{&quot;content_width&quot;:&quot;boxed&quot;}\" data-core-v316-plus=\"true\">\n\t\t\t\t\t<div class=\"e-con-inner\">\n\t\t\t\t<div class=\"elementor-element elementor-element-ed04105 elementor-widget elementor-widget-heading\" data-id=\"ed04105\" data-element_type=\"widget\" data-widget_type=\"heading.default\">\n\t\t\t\t<div class=\"elementor-widget-container\">\n\t\t\t<style>\/*! elementor - v3.17.0 - 08-11-2023 *\/\n.elementor-heading-title{padding:0;margin:0;line-height:1}.elementor-widget-heading .elementor-heading-title[class*=elementor-size-]>a{color:inherit;font-size:inherit;line-height:inherit}.elementor-widget-heading .elementor-heading-title.elementor-size-small{font-size:15px}.elementor-widget-heading .elementor-heading-title.elementor-size-medium{font-size:19px}.elementor-widget-heading .elementor-heading-title.elementor-size-large{font-size:29px}.elementor-widget-heading .elementor-heading-title.elementor-size-xl{font-size:39px}.elementor-widget-heading .elementor-heading-title.elementor-size-xxl{font-size:59px}<\/style><h2 class=\"elementor-heading-title elementor-size-default\">Despre noi<\/h2>\t\t<\/div>\n\t\t\t\t<\/div>\n\t\t\t\t\t<\/div>\n\t\t\t\t<\/div>\n\t\t<div class=\"elementor-element elementor-element-2e7135c e-flex e-con-boxed e-con e-parent\" data-id=\"2e7135c\" data-element_type=\"container\" data-settings=\"{&quot;content_width&quot;:&quot;boxed&quot;}\" data-core-v316-plus=\"true\">\n\t\t\t\t\t<div class=\"e-con-inner\">\n\t\t\t\t<div class=\"elementor-element elementor-element-354108f elementor-widget elementor-widget-text-editor\" data-id=\"354108f\" data-element_type=\"widget\" data-widget_type=\"text-editor.default\">\n\t\t\t\t<div class=\"elementor-widget-container\">\n\t\t\t<style>\/*! elementor - v3.17.0 - 08-11-2023 *\/\n.elementor-widget-text-editor.elementor-drop-cap-view-stacked .elementor-drop-cap{background-color:#69727d;color:#fff}.elementor-widget-text-editor.elementor-drop-cap-view-framed .elementor-drop-cap{color:#69727d;border:3px solid;background-color:transparent}.elementor-widget-text-editor:not(.elementor-drop-cap-view-default) .elementor-drop-cap{margin-top:8px}.elementor-widget-text-editor:not(.elementor-drop-cap-view-default) .elementor-drop-cap-letter{width:1em;height:1em}.elementor-widget-text-editor .elementor-drop-cap{float:left;text-align:center;line-height:1;font-size:50px}.elementor-widget-text-editor .elementor-drop-cap-letter{display:inline-block}<\/style>\t\t\t\t<p>Portalul de investiga\u021bii \u00c1tl\u00e1tsz\u00f3 Erd\u00e9ly (Transilvania Transparent\u0103) este publicat de Asocia\u021bia &#8222;Atlatszo Erdely Egyesulet&#8221;, cu sediul \u00een Cluj-Napoca. Vrem s\u0103 contribuim la o comunitate maghiar\u0103 transilv\u0103nean\u0103 transparent\u0103, responsabil\u0103 \u0219i democratic\u0103, ceea ce presupune o pres\u0103 independent\u0103 \u0219i critic\u0103 fa\u021b\u0103 de putere.<\/p><p>Independen\u021ba noastr\u0103 este garantat\u0103 de faptul c\u0103 nu suntem sus\u021binu\u021bi de partide politice sau grupuri de interese economice. Fondatorii asocia\u021biei sunt jurnali\u0219ti, asigur\u0103m banii de care avem nevoie \u00een parte din granturi interna\u021bionale \u0219i \u00een parte din dona\u021biile cititorilor no\u0219tri. \u00cen fiecare an public\u0103m un raport despre veniturile \u0219i cheltuielile, precum \u0219i realiz\u0103rile noastre.<\/p>\t\t\t\t\t\t<\/div>\n\t\t\t\t<\/div>\n\t\t\t\t<div class=\"elementor-element elementor-element-79069a9 elementor-widget elementor-widget-html\" data-id=\"79069a9\" data-element_type=\"widget\" data-widget_type=\"html.default\">\n\t\t\t\t<div class=\"elementor-widget-container\">\n\t\t\t<p><iframe title=\"Venituri \u00een 2024\" aria-label=\"Donut Chart\" id=\"datawrapper-chart-jzZtE\" src=\"https:\/\/datawrapper.dwcdn.net\/jzZtE\/1\/\" scrolling=\"no\" frameborder=\"0\" style=\"width: 0; min-width: 100% !important; border: none;\" height=\"747\" data-external=\"1\"><\/iframe><script type=\"text\/javascript\">!function(){\"use strict\";window.addEventListener(\"message\",(function(a){if(void 0!==a.data[\"datawrapper-height\"]){var e=document.querySelectorAll(\"iframe\");for(var t in a.data[\"datawrapper-height\"])for(var r,i=0;r=e[i];i++)if(r.contentWindow===a.source){var d=a.data[\"datawrapper-height\"][t]+\"px\";r.style.height=d}}}))}();\n<\/script><\/p>\n<br>\n<p><iframe title=\"Venituri anuale 2015-2024\" aria-label=\"Grouped Columns\" id=\"datawrapper-chart-5KaZ6\" src=\"https:\/\/datawrapper.dwcdn.net\/5KaZ6\/1\/\" scrolling=\"no\" frameborder=\"0\" style=\"width: 0; min-width: 100% !important; border: none;\" height=\"452\" data-external=\"1\"><\/iframe><script type=\"text\/javascript\">!function(){\"use strict\";window.addEventListener(\"message\",(function(a){if(void 0!==a.data[\"datawrapper-height\"]){var e=document.querySelectorAll(\"iframe\");for(var t in a.data[\"datawrapper-height\"])for(var r,i=0;r=e[i];i++)if(r.contentWindow===a.source){var d=a.data[\"datawrapper-height\"][t]+\"px\";r.style.height=d}}}))}();\n<\/script><\/p>\n<br>\n<p><iframe title=\"Cheltuieli \u00een 2024\" aria-label=\"Donut Chart\" id=\"datawrapper-chart-ZAEVP\" src=\"https:\/\/datawrapper.dwcdn.net\/ZAEVP\/5\/\" scrolling=\"no\" frameborder=\"0\" style=\"width: 0; min-width: 100% !important; border: none;\" height=\"765\" data-external=\"1\"><\/iframe><script type=\"text\/javascript\">!function(){\"use strict\";window.addEventListener(\"message\",(function(a){if(void 0!==a.data[\"datawrapper-height\"]){var e=document.querySelectorAll(\"iframe\");for(var t in a.data[\"datawrapper-height\"])for(var r,i=0;r=e[i];i++)if(r.contentWindow===a.source){var d=a.data[\"datawrapper-height\"][t]+\"px\";r.style.height=d}}}))}();\n<\/script><\/p>\t\t<\/div>\n\t\t\t\t<\/div>\n\t\t<div class=\"elementor-element elementor-element-2f24982 e-con-full donate-horizontal-section e-flex e-con e-child\" data-id=\"2f24982\" data-element_type=\"container\" data-settings=\"{&quot;content_width&quot;:&quot;full&quot;,&quot;background_background&quot;:&quot;classic&quot;}\">\n\t\t<div class=\"elementor-element elementor-element-05ac4a4 e-con-full e-flex e-con e-child\" data-id=\"05ac4a4\" data-element_type=\"container\" data-settings=\"{&quot;content_width&quot;:&quot;full&quot;}\">\n\t\t\t\t<div class=\"elementor-element elementor-element-437488d elementor-widget elementor-widget-image\" data-id=\"437488d\" data-element_type=\"widget\" data-widget_type=\"image.default\">\n\t\t\t\t<div class=\"elementor-widget-container\">\n\t\t\t\t\t\t\t\t\t\t\t\t\t\t\t<img decoding=\"async\" src=\"https:\/\/atlatszo.ro\/wp-content\/uploads\/2023\/11\/heart-icon-1.svg\" title=\"heart-icon.svg\" alt=\"heart-icon.svg\" loading=\"lazy\" \/>\t\t\t\t\t\t\t\t\t\t\t\t\t\t\t<\/div>\n\t\t\t\t<\/div>\n\t\t\t\t<\/div>\n\t\t<div class=\"elementor-element elementor-element-62d21c4 e-con-full e-flex e-con e-child\" data-id=\"62d21c4\" data-element_type=\"container\" data-settings=\"{&quot;content_width&quot;:&quot;full&quot;}\">\n\t\t\t\t<div class=\"elementor-element elementor-element-e478a18 elementor-widget__width-initial elementor-widget elementor-widget-heading\" data-id=\"e478a18\" data-element_type=\"widget\" data-widget_type=\"heading.default\">\n\t\t\t\t<div class=\"elementor-widget-container\">\n\t\t\t<h2 class=\"elementor-heading-title elementor-size-default\">Tetszett a bejegyz\u00e9s?<\/h2>\t\t<\/div>\n\t\t\t\t<\/div>\n\t\t\t\t<div class=\"elementor-element elementor-element-0c81d91 elementor-widget elementor-widget-text-editor\" data-id=\"0c81d91\" data-element_type=\"widget\" data-widget_type=\"text-editor.default\">\n\t\t\t\t<div class=\"elementor-widget-container\">\n\t\t\t\t\t\t\t<p>T\u00e1mogasd a f\u00fcggetlen \u00fajs\u00e1g\u00edr\u00e1st!<\/p>\t\t\t\t\t\t<\/div>\n\t\t\t\t<\/div>\n\t\t\t\t<\/div>\n\t\t<div class=\"elementor-element elementor-element-30068db e-con-full e-flex e-con e-child\" data-id=\"30068db\" data-element_type=\"container\" data-settings=\"{&quot;content_width&quot;:&quot;full&quot;}\">\n\t\t\t\t<div class=\"elementor-element elementor-element-a63bc73 elementor-align-center btn-elementor elementor-widget-mobile__width-inherit elementor-widget elementor-widget-button\" data-id=\"a63bc73\" data-element_type=\"widget\" data-widget_type=\"button.default\">\n\t\t\t\t<div class=\"elementor-widget-container\">\n\t\t\t\t\t<div class=\"elementor-button-wrapper\">\n\t\t\t<a class=\"elementor-button elementor-button-link elementor-size-md\" href=\"http:\/\/dev2.atlatszo.exot.hu\/ro\/donate\/\">\n\t\t\t\t\t\t<span class=\"elementor-button-content-wrapper\">\n\t\t\t\t\t\t<span class=\"elementor-button-text\">T\u00e1mogatom<\/span>\n\t\t<\/span>\n\t\t\t\t\t<\/a>\n\t\t<\/div>\n\t\t\t\t<\/div>\n\t\t\t\t<\/div>\n\t\t\t\t<\/div>\n\t\t\t\t<\/div>\n\t\t\t\t\t<\/div>\n\t\t\t\t<\/div>\n\t\t\t\t\t\t\t<\/div>\n\t\t","protected":false},"excerpt":{"rendered":"<p>Despre noi Portalul de investiga\u021bii \u00c1tl\u00e1tsz\u00f3 Erd\u00e9ly (Transilvania Transparent\u0103) este publicat de Asocia\u021bia &#8222;Atlatszo Erdely Egyesulet&#8221;, cu sediul \u00een Cluj-Napoca. Vrem s\u0103 contribuim la o comunitate maghiar\u0103 transilv\u0103nean\u0103 transparent\u0103, responsabil\u0103 \u0219i democratic\u0103, ceea ce presupune o pres\u0103 independent\u0103 \u0219i critic\u0103 fa\u021b\u0103 de putere. Independen\u021ba noastr\u0103 este garantat\u0103 de faptul c\u0103 nu suntem sus\u021binu\u021bi de partide [&hellip;]<\/p>\n","protected":false},"author":5,"featured_media":0,"parent":0,"menu_order":0,"comment_status":"closed","ping_status":"closed","template":"elementor_header_footer","meta":{"footnotes":""},"ppma_author":[2991],"yoast_head":"<!-- This site is optimized with the Yoast SEO plugin v21.5 - https:\/\/yoast.com\/wordpress\/plugins\/seo\/ -->\n<title>Despre noi - \u00c1tl\u00e1tsz\u00f3 Erd\u00e9ly<\/title>\n<meta name=\"description\" content=\"Proiectul de jurnalism de investiga\u0163ii pune um\u0103rul la construirea unei comunit\u0103\u021bi maghiare din Transilvania care este transparent\u0103, responsabil\u0103 \u0219i democratic\u0103.\" \/>\n<meta name=\"robots\" content=\"index, follow, max-snippet:-1, max-image-preview:large, max-video-preview:-1\" \/>\n<link rel=\"canonical\" href=\"https:\/\/atlatszo.ro\/ro\/despre-noi\/\" \/>\n<meta property=\"og:locale\" content=\"ro_RO\" \/>\n<meta property=\"og:type\" content=\"article\" \/>\n<meta property=\"og:title\" content=\"Despre noi - \u00c1tl\u00e1tsz\u00f3 Erd\u00e9ly\" \/>\n<meta property=\"og:description\" content=\"Proiectul de jurnalism de investiga\u0163ii pune um\u0103rul la construirea unei comunit\u0103\u021bi maghiare din Transilvania care este transparent\u0103, responsabil\u0103 \u0219i democratic\u0103.\" \/>\n<meta property=\"og:url\" content=\"https:\/\/atlatszo.ro\/ro\/despre-noi\/\" \/>\n<meta property=\"og:site_name\" content=\"\u00c1tl\u00e1tsz\u00f3 Erd\u00e9ly\" \/>\n<meta property=\"article:publisher\" content=\"https:\/\/www.facebook.com\/atlatszoerdely\/\" \/>\n<meta property=\"article:modified_time\" content=\"2025-03-29T14:36:07+00:00\" \/>\n<meta property=\"og:image\" content=\"https:\/\/atlatszo.ro\/wp-content\/uploads\/2025\/02\/DSC02155-scaled.jpg\" \/>\n<meta name=\"twitter:card\" content=\"summary_large_image\" \/>\n<meta name=\"twitter:site\" content=\"@erdely_atlatszo\" \/>\n<meta name=\"twitter:label1\" content=\"Timp estimat pentru citire\" \/>\n\t<meta name=\"twitter:data1\" content=\"1 minut\" \/>\n<script type=\"application\/ld+json\" class=\"yoast-schema-graph\">{\"@context\":\"https:\/\/schema.org\",\"@graph\":[{\"@type\":\"WebPage\",\"@id\":\"https:\/\/atlatszo.ro\/ro\/despre-noi\/\",\"url\":\"https:\/\/atlatszo.ro\/ro\/despre-noi\/\",\"name\":\"Despre noi - \u00c1tl\u00e1tsz\u00f3 Erd\u00e9ly\",\"isPartOf\":{\"@id\":\"https:\/\/prod2.atlatszo.exot.hu\/#website\"},\"datePublished\":\"2019-03-14T12:55:43+00:00\",\"dateModified\":\"2025-03-29T14:36:07+00:00\",\"description\":\"Proiectul de jurnalism de investiga\u0163ii pune um\u0103rul la construirea unei comunit\u0103\u021bi maghiare din Transilvania care este transparent\u0103, responsabil\u0103 \u0219i democratic\u0103.\",\"breadcrumb\":{\"@id\":\"https:\/\/atlatszo.ro\/ro\/despre-noi\/#breadcrumb\"},\"inLanguage\":\"ro-RO\",\"potentialAction\":[{\"@type\":\"ReadAction\",\"target\":[\"https:\/\/atlatszo.ro\/ro\/despre-noi\/\"]}]},{\"@type\":\"BreadcrumbList\",\"@id\":\"https:\/\/atlatszo.ro\/ro\/despre-noi\/#breadcrumb\",\"itemListElement\":[{\"@type\":\"ListItem\",\"position\":1,\"name\":\"Home\",\"item\":\"https:\/\/atlatszo.ro\/ro\/\"},{\"@type\":\"ListItem\",\"position\":2,\"name\":\"Despre noi\"}]},{\"@type\":\"WebSite\",\"@id\":\"https:\/\/prod2.atlatszo.exot.hu\/#website\",\"url\":\"https:\/\/prod2.atlatszo.exot.hu\/\",\"name\":\"\u00c1tl\u00e1tsz\u00f3 Erd\u00e9ly\",\"description\":\"\u00c1tl\u00e1tsz\u00f3 Erd\u00e9ly\",\"publisher\":{\"@id\":\"https:\/\/prod2.atlatszo.exot.hu\/#organization\"},\"potentialAction\":[{\"@type\":\"SearchAction\",\"target\":{\"@type\":\"EntryPoint\",\"urlTemplate\":\"https:\/\/prod2.atlatszo.exot.hu\/?s={search_term_string}\"},\"query-input\":\"required name=search_term_string\"}],\"inLanguage\":\"ro-RO\"},{\"@type\":\"Organization\",\"@id\":\"https:\/\/prod2.atlatszo.exot.hu\/#organization\",\"name\":\"\u00c1tl\u00e1tsz\u00f3 Erd\u00e9ly\",\"url\":\"https:\/\/prod2.atlatszo.exot.hu\/\",\"logo\":{\"@type\":\"ImageObject\",\"inLanguage\":\"ro-RO\",\"@id\":\"https:\/\/prod2.atlatszo.exot.hu\/#\/schema\/logo\/image\/\",\"url\":\"https:\/\/atlatszo.ro\/wp-content\/uploads\/2022\/06\/logo-atlatszo.png\",\"contentUrl\":\"https:\/\/atlatszo.ro\/wp-content\/uploads\/2022\/06\/logo-atlatszo.png\",\"width\":270,\"height\":104,\"caption\":\"\u00c1tl\u00e1tsz\u00f3 Erd\u00e9ly\"},\"image\":{\"@id\":\"https:\/\/prod2.atlatszo.exot.hu\/#\/schema\/logo\/image\/\"},\"sameAs\":[\"https:\/\/www.facebook.com\/atlatszoerdely\/\",\"https:\/\/twitter.com\/erdely_atlatszo\",\"https:\/\/www.instagram.com\/atlatszo_erdely\/\",\"https:\/\/www.youtube.com\/channel\/UC6lunfqCrLA0aDAjt1--TKg\"]}]}<\/script>\n<!-- \/ Yoast SEO plugin. -->","yoast_head_json":{"title":"Despre noi - \u00c1tl\u00e1tsz\u00f3 Erd\u00e9ly","description":"Proiectul de jurnalism de investiga\u0163ii pune um\u0103rul la construirea unei comunit\u0103\u021bi maghiare din Transilvania care este transparent\u0103, responsabil\u0103 \u0219i democratic\u0103.","robots":{"index":"index","follow":"follow","max-snippet":"max-snippet:-1","max-image-preview":"max-image-preview:large","max-video-preview":"max-video-preview:-1"},"canonical":"https:\/\/atlatszo.ro\/ro\/despre-noi\/","og_locale":"ro_RO","og_type":"article","og_title":"Despre noi - \u00c1tl\u00e1tsz\u00f3 Erd\u00e9ly","og_description":"Proiectul de jurnalism de investiga\u0163ii pune um\u0103rul la construirea unei comunit\u0103\u021bi maghiare din Transilvania care este transparent\u0103, responsabil\u0103 \u0219i democratic\u0103.","og_url":"https:\/\/atlatszo.ro\/ro\/despre-noi\/","og_site_name":"\u00c1tl\u00e1tsz\u00f3 Erd\u00e9ly","article_publisher":"https:\/\/www.facebook.com\/atlatszoerdely\/","article_modified_time":"2025-03-29T14:36:07+00:00","og_image":[{"url":"https:\/\/atlatszo.ro\/wp-content\/uploads\/2025\/02\/DSC02155-scaled.jpg"}],"twitter_card":"summary_large_image","twitter_site":"@erdely_atlatszo","twitter_misc":{"Timp estimat pentru citire":"1 minut"},"schema":{"@context":"https:\/\/schema.org","@graph":[{"@type":"WebPage","@id":"https:\/\/atlatszo.ro\/ro\/despre-noi\/","url":"https:\/\/atlatszo.ro\/ro\/despre-noi\/","name":"Despre noi - \u00c1tl\u00e1tsz\u00f3 Erd\u00e9ly","isPartOf":{"@id":"https:\/\/prod2.atlatszo.exot.hu\/#website"},"datePublished":"2019-03-14T12:55:43+00:00","dateModified":"2025-03-29T14:36:07+00:00","description":"Proiectul de jurnalism de investiga\u0163ii pune um\u0103rul la construirea unei comunit\u0103\u021bi maghiare din Transilvania care este transparent\u0103, responsabil\u0103 \u0219i democratic\u0103.","breadcrumb":{"@id":"https:\/\/atlatszo.ro\/ro\/despre-noi\/#breadcrumb"},"inLanguage":"ro-RO","potentialAction":[{"@type":"ReadAction","target":["https:\/\/atlatszo.ro\/ro\/despre-noi\/"]}]},{"@type":"BreadcrumbList","@id":"https:\/\/atlatszo.ro\/ro\/despre-noi\/#breadcrumb","itemListElement":[{"@type":"ListItem","position":1,"name":"Home","item":"https:\/\/atlatszo.ro\/ro\/"},{"@type":"ListItem","position":2,"name":"Despre noi"}]},{"@type":"WebSite","@id":"https:\/\/prod2.atlatszo.exot.hu\/#website","url":"https:\/\/prod2.atlatszo.exot.hu\/","name":"\u00c1tl\u00e1tsz\u00f3 Erd\u00e9ly","description":"\u00c1tl\u00e1tsz\u00f3 Erd\u00e9ly","publisher":{"@id":"https:\/\/prod2.atlatszo.exot.hu\/#organization"},"potentialAction":[{"@type":"SearchAction","target":{"@type":"EntryPoint","urlTemplate":"https:\/\/prod2.atlatszo.exot.hu\/?s={search_term_string}"},"query-input":"required name=search_term_string"}],"inLanguage":"ro-RO"},{"@type":"Organization","@id":"https:\/\/prod2.atlatszo.exot.hu\/#organization","name":"\u00c1tl\u00e1tsz\u00f3 Erd\u00e9ly","url":"https:\/\/prod2.atlatszo.exot.hu\/","logo":{"@type":"ImageObject","inLanguage":"ro-RO","@id":"https:\/\/prod2.atlatszo.exot.hu\/#\/schema\/logo\/image\/","url":"https:\/\/atlatszo.ro\/wp-content\/uploads\/2022\/06\/logo-atlatszo.png","contentUrl":"https:\/\/atlatszo.ro\/wp-content\/uploads\/2022\/06\/logo-atlatszo.png","width":270,"height":104,"caption":"\u00c1tl\u00e1tsz\u00f3 Erd\u00e9ly"},"image":{"@id":"https:\/\/prod2.atlatszo.exot.hu\/#\/schema\/logo\/image\/"},"sameAs":["https:\/\/www.facebook.com\/atlatszoerdely\/","https:\/\/twitter.com\/erdely_atlatszo","https:\/\/www.instagram.com\/atlatszo_erdely\/","https:\/\/www.youtube.com\/channel\/UC6lunfqCrLA0aDAjt1--TKg"]}]}},"_links":{"self":[{"href":"https:\/\/atlatszo.ro\/ro\/wp-json\/wp\/v2\/pages\/26339"}],"collection":[{"href":"https:\/\/atlatszo.ro\/ro\/wp-json\/wp\/v2\/pages"}],"about":[{"href":"https:\/\/atlatszo.ro\/ro\/wp-json\/wp\/v2\/types\/page"}],"author":[{"embeddable":true,"href":"https:\/\/atlatszo.ro\/ro\/wp-json\/wp\/v2\/users\/5"}],"replies":[{"embeddable":true,"href":"https:\/\/atlatszo.ro\/ro\/wp-json\/wp\/v2\/comments?post=26339"}],"version-history":[{"count":27,"href":"https:\/\/atlatszo.ro\/ro\/wp-json\/wp\/v2\/pages\/26339\/revisions"}],"predecessor-version":[{"id":54538,"href":"https:\/\/atlatszo.ro\/ro\/wp-json\/wp\/v2\/pages\/26339\/revisions\/54538"}],"wp:attachment":[{"href":"https:\/\/atlatszo.ro\/ro\/wp-json\/wp\/v2\/media?parent=26339"}],"wp:term":[{"taxonomy":"author","embeddable":true,"href":"https:\/\/atlatszo.ro\/ro\/wp-json\/wp\/v2\/ppma_author?post=26339"}],"curies":[{"name":"wp","href":"https:\/\/api.w.org\/{rel}","templated":true}]}}